{"id":9052,"date":"2022-03-02T07:23:04","date_gmt":"2022-03-02T07:23:04","guid":{"rendered":"https:\/\/knoll-balers.com\/?page_id=9052"},"modified":"2022-04-08T11:21:57","modified_gmt":"2022-04-08T11:21:57","slug":"unsere-kunden","status":"publish","type":"page","link":"https:\/\/knoll-balers.com\/de\/unsere-kunden\/","title":{"rendered":"Unsere Kunden"},"content":{"rendered":"\t\t<div data-elementor-type=\"wp-page\" data-elementor-id=\"9052\" class=\"elementor elementor-9052 elementor-43\" data-elementor-post-type=\"page\">\n\t\t\t\t\t\t<section class=\"elementor-section elementor-top-section elementor-element elementor-element-efdf8b7 elementor-section-boxed elementor-section-height-default elementor-section-height-default\" data-id=\"efdf8b7\" data-element_type=\"section\" data-e-type=\"section\" data-settings=\"{&quot;background_background&quot;:&quot;classic&quot;,&quot;jet_parallax_layout_list&quot;:[{&quot;jet_parallax_layout_image&quot;:{&quot;url&quot;:&quot;&quot;,&quot;id&quot;:&quot;&quot;,&quot;size&quot;:&quot;&quot;},&quot;_id&quot;:&quot;f86d462&quot;,&quot;jet_parallax_layout_image_tablet&quot;:{&quot;url&quot;:&quot;&quot;,&quot;id&quot;:&quot;&quot;,&quot;size&quot;:&quot;&quot;},&quot;jet_parallax_layout_image_mobile&quot;:{&quot;url&quot;:&quot;&quot;,&quot;id&quot;:&quot;&quot;,&quot;size&quot;:&quot;&quot;},&quot;jet_parallax_layout_speed&quot;:{&quot;unit&quot;:&quot;%&quot;,&quot;size&quot;:50,&quot;sizes&quot;:[]},&quot;jet_parallax_layout_type&quot;:&quot;scroll&quot;,&quot;jet_parallax_layout_direction&quot;:&quot;1&quot;,&quot;jet_parallax_layout_fx_direction&quot;:null,&quot;jet_parallax_layout_z_index&quot;:&quot;&quot;,&quot;jet_parallax_layout_bg_x&quot;:50,&quot;jet_parallax_layout_bg_x_tablet&quot;:&quot;&quot;,&quot;jet_parallax_layout_bg_x_mobile&quot;:&quot;&quot;,&quot;jet_parallax_layout_bg_y&quot;:50,&quot;jet_parallax_layout_bg_y_tablet&quot;:&quot;&quot;,&quot;jet_parallax_layout_bg_y_mobile&quot;:&quot;&quot;,&quot;jet_parallax_layout_bg_size&quot;:&quot;auto&quot;,&quot;jet_parallax_layout_bg_size_tablet&quot;:&quot;&quot;,&quot;jet_parallax_layout_bg_size_mobile&quot;:&quot;&quot;,&quot;jet_parallax_layout_animation_prop&quot;:&quot;transform&quot;,&quot;jet_parallax_layout_on&quot;:[&quot;desktop&quot;,&quot;tablet&quot;]}]}\">\n\t\t\t\t\t\t<div class=\"elementor-container elementor-column-gap-default\">\n\t\t\t\t\t<div class=\"elementor-column elementor-col-100 elementor-top-column elementor-element elementor-element-9ac1bec\" data-id=\"9ac1bec\" data-element_type=\"column\" data-e-type=\"column\">\n\t\t\t<div class=\"elementor-widget-wrap elementor-element-populated\">\n\t\t\t\t\t\t<div class=\"elementor-element elementor-element-3bcc589 elementor-widget elementor-widget-heading\" data-id=\"3bcc589\" data-element_type=\"widget\" data-e-type=\"widget\" data-widget_type=\"heading.default\">\n\t\t\t\t<div class=\"elementor-widget-container\">\n\t\t\t\t\t<h2 class=\"elementor-heading-title elementor-size-default\">WAS UNSERE KUNDEN ZU SAGEN HABEN\n<\/h2>\t\t\t\t<\/div>\n\t\t\t\t<\/div>\n\t\t\t\t<div class=\"elementor-element elementor-element-16ba356 elementor-widget elementor-widget-text-editor\" data-id=\"16ba356\" data-element_type=\"widget\" data-e-type=\"widget\" data-widget_type=\"text-editor.default\">\n\t\t\t\t<div class=\"elementor-widget-container\">\n\t\t\t\t\t\t\t\t\t<p>Nat\u00fcrlich k\u00f6nnen wir Ihnen selbst sagen, was wir gut k\u00f6nnen und warum Sie bei uns an der richtigen Adresse f\u00fcr eine professionelle Maschine sind.<\/p><p>Aber noch besser: Unsere Kunden k\u00f6nnen es erkl\u00e4ren. Und das tun sie auch gerne&#8230;<\/p>\t\t\t\t\t\t\t\t<\/div>\n\t\t\t\t<\/div>\n\t\t\t\t\t<\/div>\n\t\t<\/div>\n\t\t\t\t\t<\/div>\n\t\t<\/section>\n\t\t\t\t<section class=\"elementor-section elementor-top-section elementor-element elementor-element-a212497 elementor-section-boxed elementor-section-height-default elementor-section-height-default\" data-id=\"a212497\" data-element_type=\"section\" data-e-type=\"section\" data-settings=\"{&quot;jet_parallax_layout_list&quot;:[{&quot;jet_parallax_layout_image&quot;:{&quot;url&quot;:&quot;&quot;,&quot;id&quot;:&quot;&quot;,&quot;size&quot;:&quot;&quot;},&quot;_id&quot;:&quot;810a3a7&quot;,&quot;jet_parallax_layout_image_tablet&quot;:{&quot;url&quot;:&quot;&quot;,&quot;id&quot;:&quot;&quot;,&quot;size&quot;:&quot;&quot;},&quot;jet_parallax_layout_image_mobile&quot;:{&quot;url&quot;:&quot;&quot;,&quot;id&quot;:&quot;&quot;,&quot;size&quot;:&quot;&quot;},&quot;jet_parallax_layout_speed&quot;:{&quot;unit&quot;:&quot;%&quot;,&quot;size&quot;:50,&quot;sizes&quot;:[]},&quot;jet_parallax_layout_type&quot;:&quot;scroll&quot;,&quot;jet_parallax_layout_direction&quot;:&quot;1&quot;,&quot;jet_parallax_layout_fx_direction&quot;:null,&quot;jet_parallax_layout_z_index&quot;:&quot;&quot;,&quot;jet_parallax_layout_bg_x&quot;:50,&quot;jet_parallax_layout_bg_x_tablet&quot;:&quot;&quot;,&quot;jet_parallax_layout_bg_x_mobile&quot;:&quot;&quot;,&quot;jet_parallax_layout_bg_y&quot;:50,&quot;jet_parallax_layout_bg_y_tablet&quot;:&quot;&quot;,&quot;jet_parallax_layout_bg_y_mobile&quot;:&quot;&quot;,&quot;jet_parallax_layout_bg_size&quot;:&quot;auto&quot;,&quot;jet_parallax_layout_bg_size_tablet&quot;:&quot;&quot;,&quot;jet_parallax_layout_bg_size_mobile&quot;:&quot;&quot;,&quot;jet_parallax_layout_animation_prop&quot;:&quot;transform&quot;,&quot;jet_parallax_layout_on&quot;:[&quot;desktop&quot;,&quot;tablet&quot;]}]}\">\n\t\t\t\t\t\t<div class=\"elementor-container elementor-column-gap-default\">\n\t\t\t\t\t<div class=\"elementor-column elementor-col-33 elementor-top-column elementor-element elementor-element-2f47b03\" data-id=\"2f47b03\" data-element_type=\"column\" data-e-type=\"column\">\n\t\t\t<div class=\"elementor-widget-wrap elementor-element-populated\">\n\t\t\t\t\t\t<div class=\"elementor-element elementor-element-4cdc0f8 elementor-position-top elementor-widget elementor-widget-image-box\" data-id=\"4cdc0f8\" data-element_type=\"widget\" data-e-type=\"widget\" data-widget_type=\"image-box.default\">\n\t\t\t\t<div class=\"elementor-widget-container\">\n\t\t\t\t\t<div class=\"elementor-image-box-wrapper\"><figure class=\"elementor-image-box-img\"><a href=\"https:\/\/knoll-balers.com\/de\/unsere-kunden\/werner-hofmaenner\/\" tabindex=\"-1\"><img fetchpriority=\"high\" decoding=\"async\" width=\"1200\" height=\"800\" src=\"https:\/\/knoll-balers.com\/wp-content\/uploads\/2021\/08\/Werner-Hofmanner.jpg\" class=\"attachment-full size-full wp-image-3502\" alt=\"\" srcset=\"https:\/\/knoll-balers.com\/wp-content\/uploads\/2021\/08\/Werner-Hofmanner.jpg 1200w, https:\/\/knoll-balers.com\/wp-content\/uploads\/2021\/08\/Werner-Hofmanner-300x200.jpg 300w, https:\/\/knoll-balers.com\/wp-content\/uploads\/2021\/08\/Werner-Hofmanner-1024x683.jpg 1024w, https:\/\/knoll-balers.com\/wp-content\/uploads\/2021\/08\/Werner-Hofmanner-768x512.jpg 768w\" sizes=\"(max-width: 1200px) 100vw, 1200px\" \/><\/a><\/figure><div class=\"elementor-image-box-content\"><h3 class=\"elementor-image-box-title\"><a href=\"https:\/\/knoll-balers.com\/de\/unsere-kunden\/werner-hofmaenner\/\">Werner Hofm\u00e4nner <\/a><\/h3><\/div><\/div>\t\t\t\t<\/div>\n\t\t\t\t<\/div>\n\t\t\t\t<div class=\"elementor-element elementor-element-201eedc elementor-align-center elementor-icon-list--layout-traditional elementor-list-item-link-full_width elementor-widget elementor-widget-icon-list\" data-id=\"201eedc\" data-element_type=\"widget\" data-e-type=\"widget\" data-widget_type=\"icon-list.default\">\n\t\t\t\t<div class=\"elementor-widget-container\">\n\t\t\t\t\t\t\t<ul class=\"elementor-icon-list-items\">\n\t\t\t\t\t\t\t<li class=\"elementor-icon-list-item\">\n\t\t\t\t\t\t\t\t\t\t\t<a href=\"https:\/\/knoll-balers.com\/de\/unsere-kunden\/werner-hofmaenner\/\">\n\n\t\t\t\t\t\t\t\t\t\t\t\t<span class=\"elementor-icon-list-icon\">\n\t\t\t\t\t\t\t<svg xmlns=\"http:\/\/www.w3.org\/2000\/svg\" xmlns:xlink=\"http:\/\/www.w3.org\/1999\/xlink\" id=\"Layer_1\" x=\"0px\" y=\"0px\" viewBox=\"0 0 512 512\" style=\"enable-background:new 0 0 512 512;\" xml:space=\"preserve\"><circle style=\"fill:#D80027;\" cx=\"256\" cy=\"256\" r=\"256\"><\/circle><polygon style=\"fill:#F0F0F0;\" points=\"389.565,211.479 300.522,211.479 300.522,122.435 211.478,122.435 211.478,211.479   122.435,211.479 122.435,300.522 211.478,300.522 211.478,389.565 300.522,389.565 300.522,300.522 389.565,300.522 \"><\/polygon><g><\/g><g><\/g><g><\/g><g><\/g><g><\/g><g><\/g><g><\/g><g><\/g><g><\/g><g><\/g><g><\/g><g><\/g><g><\/g><g><\/g><g><\/g><\/svg>\t\t\t\t\t\t<\/span>\n\t\t\t\t\t\t\t\t\t\t<span class=\"elementor-icon-list-text\">Haag (Rheintal), die Schweiz\u200b<\/span>\n\t\t\t\t\t\t\t\t\t\t\t<\/a>\n\t\t\t\t\t\t\t\t\t<\/li>\n\t\t\t\t\t\t<\/ul>\n\t\t\t\t\t\t<\/div>\n\t\t\t\t<\/div>\n\t\t\t\t\t<\/div>\n\t\t<\/div>\n\t\t\t\t<div class=\"elementor-column elementor-col-33 elementor-top-column elementor-element elementor-element-8b7016f\" data-id=\"8b7016f\" data-element_type=\"column\" data-e-type=\"column\">\n\t\t\t<div class=\"elementor-widget-wrap elementor-element-populated\">\n\t\t\t\t\t\t<div class=\"elementor-element elementor-element-35a8490 elementor-position-top elementor-widget elementor-widget-image-box\" data-id=\"35a8490\" data-element_type=\"widget\" data-e-type=\"widget\" data-widget_type=\"image-box.default\">\n\t\t\t\t<div class=\"elementor-widget-container\">\n\t\t\t\t\t<div class=\"elementor-image-box-wrapper\"><figure class=\"elementor-image-box-img\"><a href=\"https:\/\/knoll-balers.com\/de\/unsere-kunden\/alex-schanssema\/\" tabindex=\"-1\"><img decoding=\"async\" width=\"1200\" height=\"800\" src=\"https:\/\/knoll-balers.com\/wp-content\/uploads\/2021\/11\/Alex-Schanssema.jpg\" class=\"attachment-full size-full wp-image-5112\" alt=\"\" srcset=\"https:\/\/knoll-balers.com\/wp-content\/uploads\/2021\/11\/Alex-Schanssema.jpg 1200w, https:\/\/knoll-balers.com\/wp-content\/uploads\/2021\/11\/Alex-Schanssema-300x200.jpg 300w, https:\/\/knoll-balers.com\/wp-content\/uploads\/2021\/11\/Alex-Schanssema-1024x683.jpg 1024w, https:\/\/knoll-balers.com\/wp-content\/uploads\/2021\/11\/Alex-Schanssema-768x512.jpg 768w\" sizes=\"(max-width: 1200px) 100vw, 1200px\" \/><\/a><\/figure><div class=\"elementor-image-box-content\"><h3 class=\"elementor-image-box-title\"><a href=\"https:\/\/knoll-balers.com\/de\/unsere-kunden\/alex-schanssema\/\">Alex Schanssema<\/a><\/h3><\/div><\/div>\t\t\t\t<\/div>\n\t\t\t\t<\/div>\n\t\t\t\t<div class=\"elementor-element elementor-element-a8ed418 elementor-align-center elementor-icon-list--layout-traditional elementor-list-item-link-full_width elementor-widget elementor-widget-icon-list\" data-id=\"a8ed418\" data-element_type=\"widget\" data-e-type=\"widget\" data-widget_type=\"icon-list.default\">\n\t\t\t\t<div class=\"elementor-widget-container\">\n\t\t\t\t\t\t\t<ul class=\"elementor-icon-list-items\">\n\t\t\t\t\t\t\t<li class=\"elementor-icon-list-item\">\n\t\t\t\t\t\t\t\t\t\t\t<a href=\"https:\/\/knoll-balers.com\/de\/unsere-kunden\/alex-schanssema\/\">\n\n\t\t\t\t\t\t\t\t\t\t\t\t<span class=\"elementor-icon-list-icon\">\n\t\t\t\t\t\t\t<svg xmlns=\"http:\/\/www.w3.org\/2000\/svg\" xmlns:xlink=\"http:\/\/www.w3.org\/1999\/xlink\" id=\"Layer_1\" x=\"0px\" y=\"0px\" viewBox=\"0 0 512 512\" style=\"enable-background:new 0 0 512 512;\" xml:space=\"preserve\"><circle style=\"fill:#F0F0F0;\" cx=\"256\" cy=\"256\" r=\"256\"><\/circle><path style=\"fill:#A2001D;\" d=\"M256,0C145.929,0,52.094,69.472,15.923,166.957h480.155C459.906,69.472,366.071,0,256,0z\"><\/path><path style=\"fill:#0052B4;\" d=\"M256,512c110.071,0,203.906-69.472,240.077-166.957H15.923C52.094,442.528,145.929,512,256,512z\"><\/path><g><\/g><g><\/g><g><\/g><g><\/g><g><\/g><g><\/g><g><\/g><g><\/g><g><\/g><g><\/g><g><\/g><g><\/g><g><\/g><g><\/g><g><\/g><\/svg>\t\t\t\t\t\t<\/span>\n\t\t\t\t\t\t\t\t\t\t<span class=\"elementor-icon-list-text\">Appingedam, Die Niederlande<\/span>\n\t\t\t\t\t\t\t\t\t\t\t<\/a>\n\t\t\t\t\t\t\t\t\t<\/li>\n\t\t\t\t\t\t<\/ul>\n\t\t\t\t\t\t<\/div>\n\t\t\t\t<\/div>\n\t\t\t\t\t<\/div>\n\t\t<\/div>\n\t\t\t\t<div class=\"elementor-column elementor-col-33 elementor-top-column elementor-element elementor-element-ae86a88\" data-id=\"ae86a88\" data-element_type=\"column\" data-e-type=\"column\">\n\t\t\t<div class=\"elementor-widget-wrap elementor-element-populated\">\n\t\t\t\t\t\t<div class=\"elementor-element elementor-element-3f62402 elementor-position-top elementor-widget elementor-widget-image-box\" data-id=\"3f62402\" data-element_type=\"widget\" data-e-type=\"widget\" data-widget_type=\"image-box.default\">\n\t\t\t\t<div class=\"elementor-widget-container\">\n\t\t\t\t\t<div class=\"elementor-image-box-wrapper\"><figure class=\"elementor-image-box-img\"><a href=\"https:\/\/knoll-balers.com\/de\/unsere-kunden\/per-hallnevik\/\" tabindex=\"-1\"><img decoding=\"async\" width=\"1200\" height=\"800\" src=\"https:\/\/knoll-balers.com\/wp-content\/uploads\/2022\/01\/Per-Hallnevik-overzicht.jpg\" class=\"attachment-full size-full wp-image-8372\" alt=\"\" srcset=\"https:\/\/knoll-balers.com\/wp-content\/uploads\/2022\/01\/Per-Hallnevik-overzicht.jpg 1200w, https:\/\/knoll-balers.com\/wp-content\/uploads\/2022\/01\/Per-Hallnevik-overzicht-300x200.jpg 300w, https:\/\/knoll-balers.com\/wp-content\/uploads\/2022\/01\/Per-Hallnevik-overzicht-1024x683.jpg 1024w, https:\/\/knoll-balers.com\/wp-content\/uploads\/2022\/01\/Per-Hallnevik-overzicht-768x512.jpg 768w\" sizes=\"(max-width: 1200px) 100vw, 1200px\" \/><\/a><\/figure><div class=\"elementor-image-box-content\"><h3 class=\"elementor-image-box-title\"><a href=\"https:\/\/knoll-balers.com\/de\/unsere-kunden\/per-hallnevik\/\">Per Hallnevik <\/a><\/h3><\/div><\/div>\t\t\t\t<\/div>\n\t\t\t\t<\/div>\n\t\t\t\t<div class=\"elementor-element elementor-element-e8db934 elementor-align-center elementor-icon-list--layout-traditional elementor-list-item-link-full_width elementor-widget elementor-widget-icon-list\" data-id=\"e8db934\" data-element_type=\"widget\" data-e-type=\"widget\" data-widget_type=\"icon-list.default\">\n\t\t\t\t<div class=\"elementor-widget-container\">\n\t\t\t\t\t\t\t<ul class=\"elementor-icon-list-items\">\n\t\t\t\t\t\t\t<li class=\"elementor-icon-list-item\">\n\t\t\t\t\t\t\t\t\t\t\t<a href=\"https:\/\/knoll-balers.com\/de\/unsere-kunden\/per-hallnevik\/\">\n\n\t\t\t\t\t\t\t\t\t\t\t\t<span class=\"elementor-icon-list-icon\">\n\t\t\t\t\t\t\t<svg xmlns=\"http:\/\/www.w3.org\/2000\/svg\" xmlns:xlink=\"http:\/\/www.w3.org\/1999\/xlink\" id=\"Layer_1\" x=\"0px\" y=\"0px\" viewBox=\"0 0 512 512\" style=\"enable-background:new 0 0 512 512;\" xml:space=\"preserve\"><circle style=\"fill:#FFDA44;\" cx=\"256\" cy=\"256\" r=\"256\"><\/circle><g>\t<path style=\"fill:#0052B4;\" d=\"M200.349,222.609h309.484C493.47,97.002,386.067,0,256,0c-19.114,0-37.733,2.113-55.652,6.085   v216.524H200.349z\"><\/path>\t<path style=\"fill:#0052B4;\" d=\"M133.565,222.608V31.127C63.271,69.481,12.95,139.832,2.167,222.609h131.398V222.608z\"><\/path>\t<path style=\"fill:#0052B4;\" d=\"M133.564,289.391H2.167c10.783,82.777,61.104,153.128,131.398,191.481L133.564,289.391   L133.564,289.391z\"><\/path>\t<path style=\"fill:#0052B4;\" d=\"M200.348,289.392v216.523C218.267,509.887,236.886,512,256,512   c130.067,0,237.47-97.002,253.833-222.609H200.348V289.392z\"><\/path><\/g><g><\/g><g><\/g><g><\/g><g><\/g><g><\/g><g><\/g><g><\/g><g><\/g><g><\/g><g><\/g><g><\/g><g><\/g><g><\/g><g><\/g><g><\/g><\/svg>\t\t\t\t\t\t<\/span>\n\t\t\t\t\t\t\t\t\t\t<span class=\"elementor-icon-list-text\">Alings\u00e5s, Schweden\u200b<\/span>\n\t\t\t\t\t\t\t\t\t\t\t<\/a>\n\t\t\t\t\t\t\t\t\t<\/li>\n\t\t\t\t\t\t<\/ul>\n\t\t\t\t\t\t<\/div>\n\t\t\t\t<\/div>\n\t\t\t\t\t<\/div>\n\t\t<\/div>\n\t\t\t\t\t<\/div>\n\t\t<\/section>\n\t\t\t\t<\/div>\n\t\t","protected":false},"excerpt":{"rendered":"<p>WAS UNSERE KUNDEN ZU SAGEN HABEN Nat\u00fcrlich k\u00f6nnen wir Ihnen selbst sagen, was wir gut k\u00f6nnen und warum Sie bei uns an der richtigen Adresse f\u00fcr eine professionelle Maschine sind. Aber noch besser: Unsere Kunden k\u00f6nnen es erkl\u00e4ren. Und das tun sie auch gerne&#8230; Werner Hofm\u00e4nner Haag (Rheintal), die Schweiz\u200b Alex Schanssema Appingedam, Die Niederlande [&hellip;]<\/p>\n","protected":false},"author":5,"featured_media":0,"parent":0,"menu_order":0,"comment_status":"closed","ping_status":"closed","template":"elementor_header_footer","meta":{"footnotes":""},"class_list":["post-9052","page","type-page","status-publish","hentry"],"yoast_head":"<!-- This site is optimized with the Yoast SEO plugin v27.4 - https:\/\/yoast.com\/product\/yoast-seo-wordpress\/ -->\n<title>Unsere Kunden - Knoll Balers &amp; Wrappers<\/title>\n<meta name=\"robots\" content=\"index, follow, max-snippet:-1, max-image-preview:large, max-video-preview:-1\" \/>\n<link rel=\"canonical\" href=\"https:\/\/knoll-balers.com\/de\/unsere-kunden\/\" \/>\n<meta property=\"og:locale\" content=\"de_DE\" \/>\n<meta property=\"og:type\" content=\"article\" \/>\n<meta property=\"og:title\" content=\"Unsere Kunden - Knoll Balers &amp; Wrappers\" \/>\n<meta property=\"og:description\" content=\"WAS UNSERE KUNDEN ZU SAGEN HABEN Nat\u00fcrlich k\u00f6nnen wir Ihnen selbst sagen, was wir gut k\u00f6nnen und warum Sie bei uns an der richtigen Adresse f\u00fcr eine professionelle Maschine sind. Aber noch besser: Unsere Kunden k\u00f6nnen es erkl\u00e4ren. Und das tun sie auch gerne&#8230; Werner Hofm\u00e4nner Haag (Rheintal), die Schweiz\u200b Alex Schanssema Appingedam, Die Niederlande [&hellip;]\" \/>\n<meta property=\"og:url\" content=\"https:\/\/knoll-balers.com\/de\/unsere-kunden\/\" \/>\n<meta property=\"og:site_name\" content=\"Knoll Balers &amp; Wrappers\" \/>\n<meta property=\"article:modified_time\" content=\"2022-04-08T11:21:57+00:00\" \/>\n<meta property=\"og:image\" content=\"https:\/\/knoll-balers.com\/wp-content\/uploads\/2021\/08\/Werner-Hofmanner.jpg\" \/>\n<meta name=\"twitter:card\" content=\"summary_large_image\" \/>\n<meta name=\"twitter:label1\" content=\"Gesch\u00e4tzte Lesezeit\" \/>\n\t<meta name=\"twitter:data1\" content=\"1\u00a0Minute\" \/>\n<script type=\"application\/ld+json\" class=\"yoast-schema-graph\">{\"@context\":\"https:\\\/\\\/schema.org\",\"@graph\":[{\"@type\":\"WebPage\",\"@id\":\"https:\\\/\\\/knoll-balers.com\\\/de\\\/unsere-kunden\\\/\",\"url\":\"https:\\\/\\\/knoll-balers.com\\\/de\\\/unsere-kunden\\\/\",\"name\":\"Unsere Kunden - Knoll Balers &amp; Wrappers\",\"isPartOf\":{\"@id\":\"https:\\\/\\\/knoll-balers.com\\\/de\\\/#website\"},\"primaryImageOfPage\":{\"@id\":\"https:\\\/\\\/knoll-balers.com\\\/de\\\/unsere-kunden\\\/#primaryimage\"},\"image\":{\"@id\":\"https:\\\/\\\/knoll-balers.com\\\/de\\\/unsere-kunden\\\/#primaryimage\"},\"thumbnailUrl\":\"https:\\\/\\\/knoll-balers.com\\\/wp-content\\\/uploads\\\/2021\\\/08\\\/Werner-Hofmanner.jpg\",\"datePublished\":\"2022-03-02T07:23:04+00:00\",\"dateModified\":\"2022-04-08T11:21:57+00:00\",\"breadcrumb\":{\"@id\":\"https:\\\/\\\/knoll-balers.com\\\/de\\\/unsere-kunden\\\/#breadcrumb\"},\"inLanguage\":\"de\",\"potentialAction\":[{\"@type\":\"ReadAction\",\"target\":[\"https:\\\/\\\/knoll-balers.com\\\/de\\\/unsere-kunden\\\/\"]}]},{\"@type\":\"ImageObject\",\"inLanguage\":\"de\",\"@id\":\"https:\\\/\\\/knoll-balers.com\\\/de\\\/unsere-kunden\\\/#primaryimage\",\"url\":\"https:\\\/\\\/knoll-balers.com\\\/wp-content\\\/uploads\\\/2021\\\/08\\\/Werner-Hofmanner.jpg\",\"contentUrl\":\"https:\\\/\\\/knoll-balers.com\\\/wp-content\\\/uploads\\\/2021\\\/08\\\/Werner-Hofmanner.jpg\"},{\"@type\":\"BreadcrumbList\",\"@id\":\"https:\\\/\\\/knoll-balers.com\\\/de\\\/unsere-kunden\\\/#breadcrumb\",\"itemListElement\":[{\"@type\":\"ListItem\",\"position\":1,\"name\":\"Home\",\"item\":\"https:\\\/\\\/knoll-balers.com\\\/de\\\/\"},{\"@type\":\"ListItem\",\"position\":2,\"name\":\"Unsere Kunden\"}]},{\"@type\":\"WebSite\",\"@id\":\"https:\\\/\\\/knoll-balers.com\\\/de\\\/#website\",\"url\":\"https:\\\/\\\/knoll-balers.com\\\/de\\\/\",\"name\":\"Knoll Balers &amp; Wrappers\",\"description\":\"We keep you moving forward\",\"publisher\":{\"@id\":\"https:\\\/\\\/knoll-balers.com\\\/de\\\/#organization\"},\"potentialAction\":[{\"@type\":\"SearchAction\",\"target\":{\"@type\":\"EntryPoint\",\"urlTemplate\":\"https:\\\/\\\/knoll-balers.com\\\/de\\\/?s={search_term_string}\"},\"query-input\":{\"@type\":\"PropertyValueSpecification\",\"valueRequired\":true,\"valueName\":\"search_term_string\"}}],\"inLanguage\":\"de\"},{\"@type\":\"Organization\",\"@id\":\"https:\\\/\\\/knoll-balers.com\\\/de\\\/#organization\",\"name\":\"Knoll Balers &amp; Wrappers\",\"url\":\"https:\\\/\\\/knoll-balers.com\\\/de\\\/\",\"logo\":{\"@type\":\"ImageObject\",\"inLanguage\":\"de\",\"@id\":\"https:\\\/\\\/knoll-balers.com\\\/de\\\/#\\\/schema\\\/logo\\\/image\\\/\",\"url\":\"https:\\\/\\\/knoll-balers.com\\\/wp-content\\\/uploads\\\/2021\\\/06\\\/cropped-cropped-Logo-Knoll.png\",\"contentUrl\":\"https:\\\/\\\/knoll-balers.com\\\/wp-content\\\/uploads\\\/2021\\\/06\\\/cropped-cropped-Logo-Knoll.png\",\"width\":1144,\"height\":361,\"caption\":\"Knoll Balers &amp; Wrappers\"},\"image\":{\"@id\":\"https:\\\/\\\/knoll-balers.com\\\/de\\\/#\\\/schema\\\/logo\\\/image\\\/\"}}]}<\/script>\n<!-- \/ Yoast SEO plugin. -->","yoast_head_json":{"title":"Unsere Kunden - Knoll Balers &amp; Wrappers","robots":{"index":"index","follow":"follow","max-snippet":"max-snippet:-1","max-image-preview":"max-image-preview:large","max-video-preview":"max-video-preview:-1"},"canonical":"https:\/\/knoll-balers.com\/de\/unsere-kunden\/","og_locale":"de_DE","og_type":"article","og_title":"Unsere Kunden - Knoll Balers &amp; Wrappers","og_description":"WAS UNSERE KUNDEN ZU SAGEN HABEN Nat\u00fcrlich k\u00f6nnen wir Ihnen selbst sagen, was wir gut k\u00f6nnen und warum Sie bei uns an der richtigen Adresse f\u00fcr eine professionelle Maschine sind. Aber noch besser: Unsere Kunden k\u00f6nnen es erkl\u00e4ren. Und das tun sie auch gerne&#8230; Werner Hofm\u00e4nner Haag (Rheintal), die Schweiz\u200b Alex Schanssema Appingedam, Die Niederlande [&hellip;]","og_url":"https:\/\/knoll-balers.com\/de\/unsere-kunden\/","og_site_name":"Knoll Balers &amp; Wrappers","article_modified_time":"2022-04-08T11:21:57+00:00","og_image":[{"url":"https:\/\/knoll-balers.com\/wp-content\/uploads\/2021\/08\/Werner-Hofmanner.jpg","type":"","width":"","height":""}],"twitter_card":"summary_large_image","twitter_misc":{"Gesch\u00e4tzte Lesezeit":"1\u00a0Minute"},"schema":{"@context":"https:\/\/schema.org","@graph":[{"@type":"WebPage","@id":"https:\/\/knoll-balers.com\/de\/unsere-kunden\/","url":"https:\/\/knoll-balers.com\/de\/unsere-kunden\/","name":"Unsere Kunden - Knoll Balers &amp; Wrappers","isPartOf":{"@id":"https:\/\/knoll-balers.com\/de\/#website"},"primaryImageOfPage":{"@id":"https:\/\/knoll-balers.com\/de\/unsere-kunden\/#primaryimage"},"image":{"@id":"https:\/\/knoll-balers.com\/de\/unsere-kunden\/#primaryimage"},"thumbnailUrl":"https:\/\/knoll-balers.com\/wp-content\/uploads\/2021\/08\/Werner-Hofmanner.jpg","datePublished":"2022-03-02T07:23:04+00:00","dateModified":"2022-04-08T11:21:57+00:00","breadcrumb":{"@id":"https:\/\/knoll-balers.com\/de\/unsere-kunden\/#breadcrumb"},"inLanguage":"de","potentialAction":[{"@type":"ReadAction","target":["https:\/\/knoll-balers.com\/de\/unsere-kunden\/"]}]},{"@type":"ImageObject","inLanguage":"de","@id":"https:\/\/knoll-balers.com\/de\/unsere-kunden\/#primaryimage","url":"https:\/\/knoll-balers.com\/wp-content\/uploads\/2021\/08\/Werner-Hofmanner.jpg","contentUrl":"https:\/\/knoll-balers.com\/wp-content\/uploads\/2021\/08\/Werner-Hofmanner.jpg"},{"@type":"BreadcrumbList","@id":"https:\/\/knoll-balers.com\/de\/unsere-kunden\/#breadcrumb","itemListElement":[{"@type":"ListItem","position":1,"name":"Home","item":"https:\/\/knoll-balers.com\/de\/"},{"@type":"ListItem","position":2,"name":"Unsere Kunden"}]},{"@type":"WebSite","@id":"https:\/\/knoll-balers.com\/de\/#website","url":"https:\/\/knoll-balers.com\/de\/","name":"Knoll Balers &amp; Wrappers","description":"We keep you moving forward","publisher":{"@id":"https:\/\/knoll-balers.com\/de\/#organization"},"potentialAction":[{"@type":"SearchAction","target":{"@type":"EntryPoint","urlTemplate":"https:\/\/knoll-balers.com\/de\/?s={search_term_string}"},"query-input":{"@type":"PropertyValueSpecification","valueRequired":true,"valueName":"search_term_string"}}],"inLanguage":"de"},{"@type":"Organization","@id":"https:\/\/knoll-balers.com\/de\/#organization","name":"Knoll Balers &amp; Wrappers","url":"https:\/\/knoll-balers.com\/de\/","logo":{"@type":"ImageObject","inLanguage":"de","@id":"https:\/\/knoll-balers.com\/de\/#\/schema\/logo\/image\/","url":"https:\/\/knoll-balers.com\/wp-content\/uploads\/2021\/06\/cropped-cropped-Logo-Knoll.png","contentUrl":"https:\/\/knoll-balers.com\/wp-content\/uploads\/2021\/06\/cropped-cropped-Logo-Knoll.png","width":1144,"height":361,"caption":"Knoll Balers &amp; Wrappers"},"image":{"@id":"https:\/\/knoll-balers.com\/de\/#\/schema\/logo\/image\/"}}]}},"_links":{"self":[{"href":"https:\/\/knoll-balers.com\/de\/wp-json\/wp\/v2\/pages\/9052","targetHints":{"allow":["GET"]}}],"collection":[{"href":"https:\/\/knoll-balers.com\/de\/wp-json\/wp\/v2\/pages"}],"about":[{"href":"https:\/\/knoll-balers.com\/de\/wp-json\/wp\/v2\/types\/page"}],"author":[{"embeddable":true,"href":"https:\/\/knoll-balers.com\/de\/wp-json\/wp\/v2\/users\/5"}],"replies":[{"embeddable":true,"href":"https:\/\/knoll-balers.com\/de\/wp-json\/wp\/v2\/comments?post=9052"}],"version-history":[{"count":5,"href":"https:\/\/knoll-balers.com\/de\/wp-json\/wp\/v2\/pages\/9052\/revisions"}],"predecessor-version":[{"id":10757,"href":"https:\/\/knoll-balers.com\/de\/wp-json\/wp\/v2\/pages\/9052\/revisions\/10757"}],"wp:attachment":[{"href":"https:\/\/knoll-balers.com\/de\/wp-json\/wp\/v2\/media?parent=9052"}],"curies":[{"name":"wp","href":"https:\/\/api.w.org\/{rel}","templated":true}]}}