{"id":9694,"date":"2022-03-21T14:00:53","date_gmt":"2022-03-21T14:00:53","guid":{"rendered":"https:\/\/knoll-balers.com\/?page_id=9694"},"modified":"2022-03-21T14:01:10","modified_gmt":"2022-03-21T14:01:10","slug":"ocasiones","status":"publish","type":"page","link":"https:\/\/knoll-balers.com\/es\/ocasiones\/","title":{"rendered":"Ocasiones"},"content":{"rendered":"\t\t<div data-elementor-type=\"wp-page\" data-elementor-id=\"9694\" class=\"elementor elementor-9694 elementor-51\" data-elementor-post-type=\"page\">\n\t\t\t\t\t\t<section class=\"elementor-section elementor-top-section elementor-element elementor-element-711c622 elementor-section-boxed elementor-section-height-default elementor-section-height-default\" data-id=\"711c622\" data-element_type=\"section\" data-e-type=\"section\" data-settings=\"{&quot;background_background&quot;:&quot;classic&quot;,&quot;jet_parallax_layout_list&quot;:[{&quot;jet_parallax_layout_image&quot;:{&quot;url&quot;:&quot;&quot;,&quot;id&quot;:&quot;&quot;,&quot;size&quot;:&quot;&quot;},&quot;_id&quot;:&quot;5b6f282&quot;,&quot;jet_parallax_layout_image_tablet&quot;:{&quot;url&quot;:&quot;&quot;,&quot;id&quot;:&quot;&quot;,&quot;size&quot;:&quot;&quot;},&quot;jet_parallax_layout_image_mobile&quot;:{&quot;url&quot;:&quot;&quot;,&quot;id&quot;:&quot;&quot;,&quot;size&quot;:&quot;&quot;},&quot;jet_parallax_layout_speed&quot;:{&quot;unit&quot;:&quot;%&quot;,&quot;size&quot;:50,&quot;sizes&quot;:[]},&quot;jet_parallax_layout_type&quot;:&quot;scroll&quot;,&quot;jet_parallax_layout_direction&quot;:&quot;1&quot;,&quot;jet_parallax_layout_fx_direction&quot;:null,&quot;jet_parallax_layout_z_index&quot;:&quot;&quot;,&quot;jet_parallax_layout_bg_x&quot;:50,&quot;jet_parallax_layout_bg_x_tablet&quot;:&quot;&quot;,&quot;jet_parallax_layout_bg_x_mobile&quot;:&quot;&quot;,&quot;jet_parallax_layout_bg_y&quot;:50,&quot;jet_parallax_layout_bg_y_tablet&quot;:&quot;&quot;,&quot;jet_parallax_layout_bg_y_mobile&quot;:&quot;&quot;,&quot;jet_parallax_layout_bg_size&quot;:&quot;auto&quot;,&quot;jet_parallax_layout_bg_size_tablet&quot;:&quot;&quot;,&quot;jet_parallax_layout_bg_size_mobile&quot;:&quot;&quot;,&quot;jet_parallax_layout_animation_prop&quot;:&quot;transform&quot;,&quot;jet_parallax_layout_on&quot;:[&quot;desktop&quot;,&quot;tablet&quot;]}]}\">\n\t\t\t\t\t\t<div class=\"elementor-container elementor-column-gap-default\">\n\t\t\t\t\t<div class=\"elementor-column elementor-col-100 elementor-top-column elementor-element elementor-element-4b5fd49\" data-id=\"4b5fd49\" data-element_type=\"column\" data-e-type=\"column\">\n\t\t\t<div class=\"elementor-widget-wrap elementor-element-populated\">\n\t\t\t\t\t\t<div class=\"elementor-element elementor-element-dbe02bc elementor-widget elementor-widget-heading\" data-id=\"dbe02bc\" data-element_type=\"widget\" data-e-type=\"widget\" data-widget_type=\"heading.default\">\n\t\t\t\t<div class=\"elementor-widget-container\">\n\t\t\t\t\t<h2 class=\"elementor-heading-title elementor-size-default\">Ocasiones\n<\/h2>\t\t\t\t<\/div>\n\t\t\t\t<\/div>\n\t\t\t\t<div class=\"elementor-element elementor-element-3c18695 elementor-widget elementor-widget-text-editor\" data-id=\"3c18695\" data-element_type=\"widget\" data-e-type=\"widget\" data-widget_type=\"text-editor.default\">\n\t\t\t\t<div class=\"elementor-widget-container\">\n\t\t\t\t\t\t\t\t\t<p>Vea nuestra gama actual de empacadoras y encintadoras de segunda mano aqu\u00ed. \u00bfSu m\u00e1quina no est\u00e1 en la lista? P\u00f3ngase en contacto con nosotros y estaremos encantados de ayudarle a buscar una m\u00e1quina adecuada. Como distribuidor oficial de la marca, sometemos todas las m\u00e1quinas usadas a una inspecci\u00f3n exhaustiva antes de que est\u00e9n disponibles para la venta. \u00a1Para que disfrute de su compra desde el primer momento de uso y pueda dar el paso adelante!<\/p>\t\t\t\t\t\t\t\t<\/div>\n\t\t\t\t<\/div>\n\t\t\t\t\t<\/div>\n\t\t<\/div>\n\t\t\t\t\t<\/div>\n\t\t<\/section>\n\t\t\t\t<section class=\"elementor-section elementor-top-section elementor-element elementor-element-1bb7258 elementor-section-boxed elementor-section-height-default elementor-section-height-default\" data-id=\"1bb7258\" data-element_type=\"section\" data-e-type=\"section\" data-settings=\"{&quot;jet_parallax_layout_list&quot;:[{&quot;jet_parallax_layout_image&quot;:{&quot;url&quot;:&quot;&quot;,&quot;id&quot;:&quot;&quot;,&quot;size&quot;:&quot;&quot;},&quot;_id&quot;:&quot;663d6c4&quot;,&quot;jet_parallax_layout_image_tablet&quot;:{&quot;url&quot;:&quot;&quot;,&quot;id&quot;:&quot;&quot;,&quot;size&quot;:&quot;&quot;},&quot;jet_parallax_layout_image_mobile&quot;:{&quot;url&quot;:&quot;&quot;,&quot;id&quot;:&quot;&quot;,&quot;size&quot;:&quot;&quot;},&quot;jet_parallax_layout_speed&quot;:{&quot;unit&quot;:&quot;%&quot;,&quot;size&quot;:50,&quot;sizes&quot;:[]},&quot;jet_parallax_layout_type&quot;:&quot;scroll&quot;,&quot;jet_parallax_layout_direction&quot;:&quot;1&quot;,&quot;jet_parallax_layout_fx_direction&quot;:null,&quot;jet_parallax_layout_z_index&quot;:&quot;&quot;,&quot;jet_parallax_layout_bg_x&quot;:50,&quot;jet_parallax_layout_bg_x_tablet&quot;:&quot;&quot;,&quot;jet_parallax_layout_bg_x_mobile&quot;:&quot;&quot;,&quot;jet_parallax_layout_bg_y&quot;:50,&quot;jet_parallax_layout_bg_y_tablet&quot;:&quot;&quot;,&quot;jet_parallax_layout_bg_y_mobile&quot;:&quot;&quot;,&quot;jet_parallax_layout_bg_size&quot;:&quot;auto&quot;,&quot;jet_parallax_layout_bg_size_tablet&quot;:&quot;&quot;,&quot;jet_parallax_layout_bg_size_mobile&quot;:&quot;&quot;,&quot;jet_parallax_layout_animation_prop&quot;:&quot;transform&quot;,&quot;jet_parallax_layout_on&quot;:[&quot;desktop&quot;,&quot;tablet&quot;]}]}\">\n\t\t\t\t\t\t<div class=\"elementor-container elementor-column-gap-default\">\n\t\t\t\t\t<div class=\"elementor-column elementor-col-100 elementor-top-column elementor-element elementor-element-243312b\" data-id=\"243312b\" data-element_type=\"column\" data-e-type=\"column\">\n\t\t\t<div class=\"elementor-widget-wrap elementor-element-populated\">\n\t\t\t\t\t\t<div class=\"elementor-element elementor-element-20274a9 elementor-widget elementor-widget-html\" data-id=\"20274a9\" data-element_type=\"widget\" data-e-type=\"widget\" data-widget_type=\"html.default\">\n\t\t\t\t<div class=\"elementor-widget-container\">\n\t\t\t\t\t<iframe style=\"border: medium none ! important;\" src=\"https:\/\/www.traktorpool.nl\/gebrknoll\/?machine_type_id=0\" width=\"100%\" height=\"3500px\"><span data-mce-type=\"bookmark\" style=\"display: inline-block; width: 0px; overflow: hidden; line-height: 0;\" class=\"mce_SELRES_start\">\ufeff<\/span><\/iframe>\t\t\t\t<\/div>\n\t\t\t\t<\/div>\n\t\t\t\t\t<\/div>\n\t\t<\/div>\n\t\t\t\t\t<\/div>\n\t\t<\/section>\n\t\t\t\t<\/div>\n\t\t","protected":false},"excerpt":{"rendered":"<p>Ocasiones Vea nuestra gama actual de empacadoras y encintadoras de segunda mano aqu\u00ed. \u00bfSu m\u00e1quina no est\u00e1 en la lista? P\u00f3ngase en contacto con nosotros y estaremos encantados de ayudarle a buscar una m\u00e1quina adecuada. Como distribuidor oficial de la marca, sometemos todas las m\u00e1quinas usadas a una inspecci\u00f3n exhaustiva antes de que est\u00e9n disponibles [&hellip;]<\/p>\n","protected":false},"author":5,"featured_media":0,"parent":0,"menu_order":0,"comment_status":"closed","ping_status":"closed","template":"elementor_header_footer","meta":{"footnotes":""},"class_list":["post-9694","page","type-page","status-publish","hentry"],"yoast_head":"<!-- This site is optimized with the Yoast SEO plugin v27.3 - https:\/\/yoast.com\/product\/yoast-seo-wordpress\/ -->\n<title>Ocasiones - Knoll Balers &amp; Wrappers<\/title>\n<meta name=\"robots\" content=\"index, follow, max-snippet:-1, max-image-preview:large, max-video-preview:-1\" \/>\n<link rel=\"canonical\" href=\"https:\/\/knoll-balers.com\/es\/ocasiones\/\" \/>\n<meta property=\"og:locale\" content=\"es_ES\" \/>\n<meta property=\"og:type\" content=\"article\" \/>\n<meta property=\"og:title\" content=\"Ocasiones - Knoll Balers &amp; Wrappers\" \/>\n<meta property=\"og:description\" content=\"Ocasiones Vea nuestra gama actual de empacadoras y encintadoras de segunda mano aqu\u00ed. \u00bfSu m\u00e1quina no est\u00e1 en la lista? P\u00f3ngase en contacto con nosotros y estaremos encantados de ayudarle a buscar una m\u00e1quina adecuada. Como distribuidor oficial de la marca, sometemos todas las m\u00e1quinas usadas a una inspecci\u00f3n exhaustiva antes de que est\u00e9n disponibles [&hellip;]\" \/>\n<meta property=\"og:url\" content=\"https:\/\/knoll-balers.com\/es\/ocasiones\/\" \/>\n<meta property=\"og:site_name\" content=\"Knoll Balers &amp; Wrappers\" \/>\n<meta property=\"article:modified_time\" content=\"2022-03-21T14:01:10+00:00\" \/>\n<meta name=\"twitter:card\" content=\"summary_large_image\" \/>\n<meta name=\"twitter:label1\" content=\"Tiempo de lectura\" \/>\n\t<meta name=\"twitter:data1\" content=\"1 minuto\" \/>\n<script type=\"application\/ld+json\" class=\"yoast-schema-graph\">{\"@context\":\"https:\\\/\\\/schema.org\",\"@graph\":[{\"@type\":\"WebPage\",\"@id\":\"https:\\\/\\\/knoll-balers.com\\\/es\\\/ocasiones\\\/\",\"url\":\"https:\\\/\\\/knoll-balers.com\\\/es\\\/ocasiones\\\/\",\"name\":\"Ocasiones - Knoll Balers &amp; Wrappers\",\"isPartOf\":{\"@id\":\"https:\\\/\\\/knoll-balers.com\\\/es\\\/#website\"},\"datePublished\":\"2022-03-21T14:00:53+00:00\",\"dateModified\":\"2022-03-21T14:01:10+00:00\",\"breadcrumb\":{\"@id\":\"https:\\\/\\\/knoll-balers.com\\\/es\\\/ocasiones\\\/#breadcrumb\"},\"inLanguage\":\"es\",\"potentialAction\":[{\"@type\":\"ReadAction\",\"target\":[\"https:\\\/\\\/knoll-balers.com\\\/es\\\/ocasiones\\\/\"]}]},{\"@type\":\"BreadcrumbList\",\"@id\":\"https:\\\/\\\/knoll-balers.com\\\/es\\\/ocasiones\\\/#breadcrumb\",\"itemListElement\":[{\"@type\":\"ListItem\",\"position\":1,\"name\":\"Home\",\"item\":\"https:\\\/\\\/knoll-balers.com\\\/es\\\/\"},{\"@type\":\"ListItem\",\"position\":2,\"name\":\"Ocasiones\"}]},{\"@type\":\"WebSite\",\"@id\":\"https:\\\/\\\/knoll-balers.com\\\/es\\\/#website\",\"url\":\"https:\\\/\\\/knoll-balers.com\\\/es\\\/\",\"name\":\"Knoll Balers &amp; Wrappers\",\"description\":\"We keep you moving forward\",\"publisher\":{\"@id\":\"https:\\\/\\\/knoll-balers.com\\\/es\\\/#organization\"},\"potentialAction\":[{\"@type\":\"SearchAction\",\"target\":{\"@type\":\"EntryPoint\",\"urlTemplate\":\"https:\\\/\\\/knoll-balers.com\\\/es\\\/?s={search_term_string}\"},\"query-input\":{\"@type\":\"PropertyValueSpecification\",\"valueRequired\":true,\"valueName\":\"search_term_string\"}}],\"inLanguage\":\"es\"},{\"@type\":\"Organization\",\"@id\":\"https:\\\/\\\/knoll-balers.com\\\/es\\\/#organization\",\"name\":\"Knoll Balers &amp; Wrappers\",\"url\":\"https:\\\/\\\/knoll-balers.com\\\/es\\\/\",\"logo\":{\"@type\":\"ImageObject\",\"inLanguage\":\"es\",\"@id\":\"https:\\\/\\\/knoll-balers.com\\\/es\\\/#\\\/schema\\\/logo\\\/image\\\/\",\"url\":\"https:\\\/\\\/knoll-balers.com\\\/wp-content\\\/uploads\\\/2021\\\/06\\\/cropped-cropped-Logo-Knoll.png\",\"contentUrl\":\"https:\\\/\\\/knoll-balers.com\\\/wp-content\\\/uploads\\\/2021\\\/06\\\/cropped-cropped-Logo-Knoll.png\",\"width\":1144,\"height\":361,\"caption\":\"Knoll Balers &amp; Wrappers\"},\"image\":{\"@id\":\"https:\\\/\\\/knoll-balers.com\\\/es\\\/#\\\/schema\\\/logo\\\/image\\\/\"}}]}<\/script>\n<!-- \/ Yoast SEO plugin. -->","yoast_head_json":{"title":"Ocasiones - Knoll Balers &amp; Wrappers","robots":{"index":"index","follow":"follow","max-snippet":"max-snippet:-1","max-image-preview":"max-image-preview:large","max-video-preview":"max-video-preview:-1"},"canonical":"https:\/\/knoll-balers.com\/es\/ocasiones\/","og_locale":"es_ES","og_type":"article","og_title":"Ocasiones - Knoll Balers &amp; Wrappers","og_description":"Ocasiones Vea nuestra gama actual de empacadoras y encintadoras de segunda mano aqu\u00ed. \u00bfSu m\u00e1quina no est\u00e1 en la lista? P\u00f3ngase en contacto con nosotros y estaremos encantados de ayudarle a buscar una m\u00e1quina adecuada. Como distribuidor oficial de la marca, sometemos todas las m\u00e1quinas usadas a una inspecci\u00f3n exhaustiva antes de que est\u00e9n disponibles [&hellip;]","og_url":"https:\/\/knoll-balers.com\/es\/ocasiones\/","og_site_name":"Knoll Balers &amp; Wrappers","article_modified_time":"2022-03-21T14:01:10+00:00","twitter_card":"summary_large_image","twitter_misc":{"Tiempo de lectura":"1 minuto"},"schema":{"@context":"https:\/\/schema.org","@graph":[{"@type":"WebPage","@id":"https:\/\/knoll-balers.com\/es\/ocasiones\/","url":"https:\/\/knoll-balers.com\/es\/ocasiones\/","name":"Ocasiones - Knoll Balers &amp; Wrappers","isPartOf":{"@id":"https:\/\/knoll-balers.com\/es\/#website"},"datePublished":"2022-03-21T14:00:53+00:00","dateModified":"2022-03-21T14:01:10+00:00","breadcrumb":{"@id":"https:\/\/knoll-balers.com\/es\/ocasiones\/#breadcrumb"},"inLanguage":"es","potentialAction":[{"@type":"ReadAction","target":["https:\/\/knoll-balers.com\/es\/ocasiones\/"]}]},{"@type":"BreadcrumbList","@id":"https:\/\/knoll-balers.com\/es\/ocasiones\/#breadcrumb","itemListElement":[{"@type":"ListItem","position":1,"name":"Home","item":"https:\/\/knoll-balers.com\/es\/"},{"@type":"ListItem","position":2,"name":"Ocasiones"}]},{"@type":"WebSite","@id":"https:\/\/knoll-balers.com\/es\/#website","url":"https:\/\/knoll-balers.com\/es\/","name":"Knoll Balers &amp; Wrappers","description":"We keep you moving forward","publisher":{"@id":"https:\/\/knoll-balers.com\/es\/#organization"},"potentialAction":[{"@type":"SearchAction","target":{"@type":"EntryPoint","urlTemplate":"https:\/\/knoll-balers.com\/es\/?s={search_term_string}"},"query-input":{"@type":"PropertyValueSpecification","valueRequired":true,"valueName":"search_term_string"}}],"inLanguage":"es"},{"@type":"Organization","@id":"https:\/\/knoll-balers.com\/es\/#organization","name":"Knoll Balers &amp; Wrappers","url":"https:\/\/knoll-balers.com\/es\/","logo":{"@type":"ImageObject","inLanguage":"es","@id":"https:\/\/knoll-balers.com\/es\/#\/schema\/logo\/image\/","url":"https:\/\/knoll-balers.com\/wp-content\/uploads\/2021\/06\/cropped-cropped-Logo-Knoll.png","contentUrl":"https:\/\/knoll-balers.com\/wp-content\/uploads\/2021\/06\/cropped-cropped-Logo-Knoll.png","width":1144,"height":361,"caption":"Knoll Balers &amp; Wrappers"},"image":{"@id":"https:\/\/knoll-balers.com\/es\/#\/schema\/logo\/image\/"}}]}},"_links":{"self":[{"href":"https:\/\/knoll-balers.com\/es\/wp-json\/wp\/v2\/pages\/9694","targetHints":{"allow":["GET"]}}],"collection":[{"href":"https:\/\/knoll-balers.com\/es\/wp-json\/wp\/v2\/pages"}],"about":[{"href":"https:\/\/knoll-balers.com\/es\/wp-json\/wp\/v2\/types\/page"}],"author":[{"embeddable":true,"href":"https:\/\/knoll-balers.com\/es\/wp-json\/wp\/v2\/users\/5"}],"replies":[{"embeddable":true,"href":"https:\/\/knoll-balers.com\/es\/wp-json\/wp\/v2\/comments?post=9694"}],"version-history":[{"count":3,"href":"https:\/\/knoll-balers.com\/es\/wp-json\/wp\/v2\/pages\/9694\/revisions"}],"predecessor-version":[{"id":9697,"href":"https:\/\/knoll-balers.com\/es\/wp-json\/wp\/v2\/pages\/9694\/revisions\/9697"}],"wp:attachment":[{"href":"https:\/\/knoll-balers.com\/es\/wp-json\/wp\/v2\/media?parent=9694"}],"curies":[{"name":"wp","href":"https:\/\/api.w.org\/{rel}","templated":true}]}}