{"id":9336,"date":"2022-03-04T13:43:14","date_gmt":"2022-03-04T13:43:14","guid":{"rendered":"https:\/\/knoll-balers.com\/?page_id=9336"},"modified":"2022-03-04T13:43:27","modified_gmt":"2022-03-04T13:43:27","slug":"occassions","status":"publish","type":"page","link":"https:\/\/knoll-balers.com\/fr\/occassions\/","title":{"rendered":"Occassions"},"content":{"rendered":"\t\t<div data-elementor-type=\"wp-page\" data-elementor-id=\"9336\" class=\"elementor elementor-9336 elementor-51\" data-elementor-post-type=\"page\">\n\t\t\t\t\t\t<section class=\"elementor-section elementor-top-section elementor-element elementor-element-711c622 elementor-section-boxed elementor-section-height-default elementor-section-height-default\" data-id=\"711c622\" data-element_type=\"section\" data-e-type=\"section\" data-settings=\"{&quot;background_background&quot;:&quot;classic&quot;,&quot;jet_parallax_layout_list&quot;:[{&quot;jet_parallax_layout_image&quot;:{&quot;url&quot;:&quot;&quot;,&quot;id&quot;:&quot;&quot;,&quot;size&quot;:&quot;&quot;},&quot;_id&quot;:&quot;5b6f282&quot;,&quot;jet_parallax_layout_image_tablet&quot;:{&quot;url&quot;:&quot;&quot;,&quot;id&quot;:&quot;&quot;,&quot;size&quot;:&quot;&quot;},&quot;jet_parallax_layout_image_mobile&quot;:{&quot;url&quot;:&quot;&quot;,&quot;id&quot;:&quot;&quot;,&quot;size&quot;:&quot;&quot;},&quot;jet_parallax_layout_speed&quot;:{&quot;unit&quot;:&quot;%&quot;,&quot;size&quot;:50,&quot;sizes&quot;:[]},&quot;jet_parallax_layout_type&quot;:&quot;scroll&quot;,&quot;jet_parallax_layout_direction&quot;:&quot;1&quot;,&quot;jet_parallax_layout_fx_direction&quot;:null,&quot;jet_parallax_layout_z_index&quot;:&quot;&quot;,&quot;jet_parallax_layout_bg_x&quot;:50,&quot;jet_parallax_layout_bg_x_tablet&quot;:&quot;&quot;,&quot;jet_parallax_layout_bg_x_mobile&quot;:&quot;&quot;,&quot;jet_parallax_layout_bg_y&quot;:50,&quot;jet_parallax_layout_bg_y_tablet&quot;:&quot;&quot;,&quot;jet_parallax_layout_bg_y_mobile&quot;:&quot;&quot;,&quot;jet_parallax_layout_bg_size&quot;:&quot;auto&quot;,&quot;jet_parallax_layout_bg_size_tablet&quot;:&quot;&quot;,&quot;jet_parallax_layout_bg_size_mobile&quot;:&quot;&quot;,&quot;jet_parallax_layout_animation_prop&quot;:&quot;transform&quot;,&quot;jet_parallax_layout_on&quot;:[&quot;desktop&quot;,&quot;tablet&quot;]}]}\">\n\t\t\t\t\t\t<div class=\"elementor-container elementor-column-gap-default\">\n\t\t\t\t\t<div class=\"elementor-column elementor-col-100 elementor-top-column elementor-element elementor-element-4b5fd49\" data-id=\"4b5fd49\" data-element_type=\"column\" data-e-type=\"column\">\n\t\t\t<div class=\"elementor-widget-wrap elementor-element-populated\">\n\t\t\t\t\t\t<div class=\"elementor-element elementor-element-dbe02bc elementor-widget elementor-widget-heading\" data-id=\"dbe02bc\" data-element_type=\"widget\" data-e-type=\"widget\" data-widget_type=\"heading.default\">\n\t\t\t\t<div class=\"elementor-widget-container\">\n\t\t\t\t\t<h2 class=\"elementor-heading-title elementor-size-default\">Occasions<\/h2>\t\t\t\t<\/div>\n\t\t\t\t<\/div>\n\t\t\t\t<div class=\"elementor-element elementor-element-3c18695 elementor-widget elementor-widget-text-editor\" data-id=\"3c18695\" data-element_type=\"widget\" data-e-type=\"widget\" data-widget_type=\"text-editor.default\">\n\t\t\t\t<div class=\"elementor-widget-container\">\n\t\t\t\t\t\t\t\t\t<p>Consultez ici notre gamme actuelle de presses \u00e0 balles et d&rsquo;enrubanneuses d&rsquo;occasion. Votre machine ne figure pas dans la liste ? Veuillez nous contacter et nous serons heureux de vous aider dans votre recherche d&rsquo;une machine appropri\u00e9e. En tant que concessionnaire officiel de la marque, nous soumettons toutes les machines d&rsquo;occasion \u00e0 une inspection approfondie avant qu&rsquo;elles ne soient disponibles \u00e0 la vente. Afin que vous puissiez profiter de votre achat d\u00e8s le premier instant d&rsquo;utilisation et faire le pas en avant !<\/p>\t\t\t\t\t\t\t\t<\/div>\n\t\t\t\t<\/div>\n\t\t\t\t\t<\/div>\n\t\t<\/div>\n\t\t\t\t\t<\/div>\n\t\t<\/section>\n\t\t\t\t<section class=\"elementor-section elementor-top-section elementor-element elementor-element-1bb7258 elementor-section-boxed elementor-section-height-default elementor-section-height-default\" data-id=\"1bb7258\" data-element_type=\"section\" data-e-type=\"section\" data-settings=\"{&quot;jet_parallax_layout_list&quot;:[{&quot;jet_parallax_layout_image&quot;:{&quot;url&quot;:&quot;&quot;,&quot;id&quot;:&quot;&quot;,&quot;size&quot;:&quot;&quot;},&quot;_id&quot;:&quot;663d6c4&quot;,&quot;jet_parallax_layout_image_tablet&quot;:{&quot;url&quot;:&quot;&quot;,&quot;id&quot;:&quot;&quot;,&quot;size&quot;:&quot;&quot;},&quot;jet_parallax_layout_image_mobile&quot;:{&quot;url&quot;:&quot;&quot;,&quot;id&quot;:&quot;&quot;,&quot;size&quot;:&quot;&quot;},&quot;jet_parallax_layout_speed&quot;:{&quot;unit&quot;:&quot;%&quot;,&quot;size&quot;:50,&quot;sizes&quot;:[]},&quot;jet_parallax_layout_type&quot;:&quot;scroll&quot;,&quot;jet_parallax_layout_direction&quot;:&quot;1&quot;,&quot;jet_parallax_layout_fx_direction&quot;:null,&quot;jet_parallax_layout_z_index&quot;:&quot;&quot;,&quot;jet_parallax_layout_bg_x&quot;:50,&quot;jet_parallax_layout_bg_x_tablet&quot;:&quot;&quot;,&quot;jet_parallax_layout_bg_x_mobile&quot;:&quot;&quot;,&quot;jet_parallax_layout_bg_y&quot;:50,&quot;jet_parallax_layout_bg_y_tablet&quot;:&quot;&quot;,&quot;jet_parallax_layout_bg_y_mobile&quot;:&quot;&quot;,&quot;jet_parallax_layout_bg_size&quot;:&quot;auto&quot;,&quot;jet_parallax_layout_bg_size_tablet&quot;:&quot;&quot;,&quot;jet_parallax_layout_bg_size_mobile&quot;:&quot;&quot;,&quot;jet_parallax_layout_animation_prop&quot;:&quot;transform&quot;,&quot;jet_parallax_layout_on&quot;:[&quot;desktop&quot;,&quot;tablet&quot;]}]}\">\n\t\t\t\t\t\t<div class=\"elementor-container elementor-column-gap-default\">\n\t\t\t\t\t<div class=\"elementor-column elementor-col-100 elementor-top-column elementor-element elementor-element-243312b\" data-id=\"243312b\" data-element_type=\"column\" data-e-type=\"column\">\n\t\t\t<div class=\"elementor-widget-wrap elementor-element-populated\">\n\t\t\t\t\t\t<div class=\"elementor-element elementor-element-20274a9 elementor-widget elementor-widget-html\" data-id=\"20274a9\" data-element_type=\"widget\" data-e-type=\"widget\" data-widget_type=\"html.default\">\n\t\t\t\t<div class=\"elementor-widget-container\">\n\t\t\t\t\t<iframe style=\"border: medium none ! important;\" src=\"https:\/\/www.traktorpool.nl\/gebrknoll\/?machine_type_id=0\" width=\"100%\" height=\"3500px\"><span data-mce-type=\"bookmark\" style=\"display: inline-block; width: 0px; overflow: hidden; line-height: 0;\" class=\"mce_SELRES_start\">\ufeff<\/span><\/iframe>\t\t\t\t<\/div>\n\t\t\t\t<\/div>\n\t\t\t\t\t<\/div>\n\t\t<\/div>\n\t\t\t\t\t<\/div>\n\t\t<\/section>\n\t\t\t\t<\/div>\n\t\t","protected":false},"excerpt":{"rendered":"<p>Occasions Consultez ici notre gamme actuelle de presses \u00e0 balles et d&rsquo;enrubanneuses d&rsquo;occasion. Votre machine ne figure pas dans la liste ? Veuillez nous contacter et nous serons heureux de vous aider dans votre recherche d&rsquo;une machine appropri\u00e9e. En tant que concessionnaire officiel de la marque, nous soumettons toutes les machines d&rsquo;occasion \u00e0 une inspection [&hellip;]<\/p>\n","protected":false},"author":5,"featured_media":0,"parent":0,"menu_order":0,"comment_status":"closed","ping_status":"closed","template":"elementor_header_footer","meta":{"footnotes":""},"class_list":["post-9336","page","type-page","status-publish","hentry"],"yoast_head":"<!-- This site is optimized with the Yoast SEO plugin v27.6 - https:\/\/yoast.com\/product\/yoast-seo-wordpress\/ -->\n<title>Occassions - Knoll Balers &amp; Wrappers<\/title>\n<meta name=\"robots\" content=\"index, follow, max-snippet:-1, max-image-preview:large, max-video-preview:-1\" \/>\n<link rel=\"canonical\" href=\"https:\/\/knoll-balers.com\/fr\/occassions\/\" \/>\n<meta property=\"og:locale\" content=\"fr_FR\" \/>\n<meta property=\"og:type\" content=\"article\" \/>\n<meta property=\"og:title\" content=\"Occassions - Knoll Balers &amp; Wrappers\" \/>\n<meta property=\"og:description\" content=\"Occasions Consultez ici notre gamme actuelle de presses \u00e0 balles et d&rsquo;enrubanneuses d&rsquo;occasion. Votre machine ne figure pas dans la liste ? Veuillez nous contacter et nous serons heureux de vous aider dans votre recherche d&rsquo;une machine appropri\u00e9e. En tant que concessionnaire officiel de la marque, nous soumettons toutes les machines d&rsquo;occasion \u00e0 une inspection [&hellip;]\" \/>\n<meta property=\"og:url\" content=\"https:\/\/knoll-balers.com\/fr\/occassions\/\" \/>\n<meta property=\"og:site_name\" content=\"Knoll Balers &amp; Wrappers\" \/>\n<meta property=\"article:modified_time\" content=\"2022-03-04T13:43:27+00:00\" \/>\n<meta name=\"twitter:card\" content=\"summary_large_image\" \/>\n<meta name=\"twitter:label1\" content=\"Dur\u00e9e de lecture estim\u00e9e\" \/>\n\t<meta name=\"twitter:data1\" content=\"1 minute\" \/>\n<script type=\"application\/ld+json\" class=\"yoast-schema-graph\">{\"@context\":\"https:\\\/\\\/schema.org\",\"@graph\":[{\"@type\":\"WebPage\",\"@id\":\"https:\\\/\\\/knoll-balers.com\\\/fr\\\/occassions\\\/\",\"url\":\"https:\\\/\\\/knoll-balers.com\\\/fr\\\/occassions\\\/\",\"name\":\"Occassions - Knoll Balers &amp; Wrappers\",\"isPartOf\":{\"@id\":\"https:\\\/\\\/knoll-balers.com\\\/fr\\\/#website\"},\"datePublished\":\"2022-03-04T13:43:14+00:00\",\"dateModified\":\"2022-03-04T13:43:27+00:00\",\"breadcrumb\":{\"@id\":\"https:\\\/\\\/knoll-balers.com\\\/fr\\\/occassions\\\/#breadcrumb\"},\"inLanguage\":\"fr-FR\",\"potentialAction\":[{\"@type\":\"ReadAction\",\"target\":[\"https:\\\/\\\/knoll-balers.com\\\/fr\\\/occassions\\\/\"]}]},{\"@type\":\"BreadcrumbList\",\"@id\":\"https:\\\/\\\/knoll-balers.com\\\/fr\\\/occassions\\\/#breadcrumb\",\"itemListElement\":[{\"@type\":\"ListItem\",\"position\":1,\"name\":\"Home\",\"item\":\"https:\\\/\\\/knoll-balers.com\\\/fr\\\/\"},{\"@type\":\"ListItem\",\"position\":2,\"name\":\"Occassions\"}]},{\"@type\":\"WebSite\",\"@id\":\"https:\\\/\\\/knoll-balers.com\\\/fr\\\/#website\",\"url\":\"https:\\\/\\\/knoll-balers.com\\\/fr\\\/\",\"name\":\"Knoll Balers &amp; Wrappers\",\"description\":\"We keep you moving forward\",\"publisher\":{\"@id\":\"https:\\\/\\\/knoll-balers.com\\\/fr\\\/#organization\"},\"potentialAction\":[{\"@type\":\"SearchAction\",\"target\":{\"@type\":\"EntryPoint\",\"urlTemplate\":\"https:\\\/\\\/knoll-balers.com\\\/fr\\\/?s={search_term_string}\"},\"query-input\":{\"@type\":\"PropertyValueSpecification\",\"valueRequired\":true,\"valueName\":\"search_term_string\"}}],\"inLanguage\":\"fr-FR\"},{\"@type\":\"Organization\",\"@id\":\"https:\\\/\\\/knoll-balers.com\\\/fr\\\/#organization\",\"name\":\"Knoll Balers &amp; Wrappers\",\"url\":\"https:\\\/\\\/knoll-balers.com\\\/fr\\\/\",\"logo\":{\"@type\":\"ImageObject\",\"inLanguage\":\"fr-FR\",\"@id\":\"https:\\\/\\\/knoll-balers.com\\\/fr\\\/#\\\/schema\\\/logo\\\/image\\\/\",\"url\":\"https:\\\/\\\/knoll-balers.com\\\/wp-content\\\/uploads\\\/2021\\\/06\\\/cropped-cropped-Logo-Knoll.png\",\"contentUrl\":\"https:\\\/\\\/knoll-balers.com\\\/wp-content\\\/uploads\\\/2021\\\/06\\\/cropped-cropped-Logo-Knoll.png\",\"width\":1144,\"height\":361,\"caption\":\"Knoll Balers &amp; Wrappers\"},\"image\":{\"@id\":\"https:\\\/\\\/knoll-balers.com\\\/fr\\\/#\\\/schema\\\/logo\\\/image\\\/\"}}]}<\/script>\n<!-- \/ Yoast SEO plugin. -->","yoast_head_json":{"title":"Occassions - Knoll Balers &amp; Wrappers","robots":{"index":"index","follow":"follow","max-snippet":"max-snippet:-1","max-image-preview":"max-image-preview:large","max-video-preview":"max-video-preview:-1"},"canonical":"https:\/\/knoll-balers.com\/fr\/occassions\/","og_locale":"fr_FR","og_type":"article","og_title":"Occassions - Knoll Balers &amp; Wrappers","og_description":"Occasions Consultez ici notre gamme actuelle de presses \u00e0 balles et d&rsquo;enrubanneuses d&rsquo;occasion. Votre machine ne figure pas dans la liste ? Veuillez nous contacter et nous serons heureux de vous aider dans votre recherche d&rsquo;une machine appropri\u00e9e. En tant que concessionnaire officiel de la marque, nous soumettons toutes les machines d&rsquo;occasion \u00e0 une inspection [&hellip;]","og_url":"https:\/\/knoll-balers.com\/fr\/occassions\/","og_site_name":"Knoll Balers &amp; Wrappers","article_modified_time":"2022-03-04T13:43:27+00:00","twitter_card":"summary_large_image","twitter_misc":{"Dur\u00e9e de lecture estim\u00e9e":"1 minute"},"schema":{"@context":"https:\/\/schema.org","@graph":[{"@type":"WebPage","@id":"https:\/\/knoll-balers.com\/fr\/occassions\/","url":"https:\/\/knoll-balers.com\/fr\/occassions\/","name":"Occassions - Knoll Balers &amp; Wrappers","isPartOf":{"@id":"https:\/\/knoll-balers.com\/fr\/#website"},"datePublished":"2022-03-04T13:43:14+00:00","dateModified":"2022-03-04T13:43:27+00:00","breadcrumb":{"@id":"https:\/\/knoll-balers.com\/fr\/occassions\/#breadcrumb"},"inLanguage":"fr-FR","potentialAction":[{"@type":"ReadAction","target":["https:\/\/knoll-balers.com\/fr\/occassions\/"]}]},{"@type":"BreadcrumbList","@id":"https:\/\/knoll-balers.com\/fr\/occassions\/#breadcrumb","itemListElement":[{"@type":"ListItem","position":1,"name":"Home","item":"https:\/\/knoll-balers.com\/fr\/"},{"@type":"ListItem","position":2,"name":"Occassions"}]},{"@type":"WebSite","@id":"https:\/\/knoll-balers.com\/fr\/#website","url":"https:\/\/knoll-balers.com\/fr\/","name":"Knoll Balers &amp; Wrappers","description":"We keep you moving forward","publisher":{"@id":"https:\/\/knoll-balers.com\/fr\/#organization"},"potentialAction":[{"@type":"SearchAction","target":{"@type":"EntryPoint","urlTemplate":"https:\/\/knoll-balers.com\/fr\/?s={search_term_string}"},"query-input":{"@type":"PropertyValueSpecification","valueRequired":true,"valueName":"search_term_string"}}],"inLanguage":"fr-FR"},{"@type":"Organization","@id":"https:\/\/knoll-balers.com\/fr\/#organization","name":"Knoll Balers &amp; Wrappers","url":"https:\/\/knoll-balers.com\/fr\/","logo":{"@type":"ImageObject","inLanguage":"fr-FR","@id":"https:\/\/knoll-balers.com\/fr\/#\/schema\/logo\/image\/","url":"https:\/\/knoll-balers.com\/wp-content\/uploads\/2021\/06\/cropped-cropped-Logo-Knoll.png","contentUrl":"https:\/\/knoll-balers.com\/wp-content\/uploads\/2021\/06\/cropped-cropped-Logo-Knoll.png","width":1144,"height":361,"caption":"Knoll Balers &amp; Wrappers"},"image":{"@id":"https:\/\/knoll-balers.com\/fr\/#\/schema\/logo\/image\/"}}]}},"_links":{"self":[{"href":"https:\/\/knoll-balers.com\/fr\/wp-json\/wp\/v2\/pages\/9336","targetHints":{"allow":["GET"]}}],"collection":[{"href":"https:\/\/knoll-balers.com\/fr\/wp-json\/wp\/v2\/pages"}],"about":[{"href":"https:\/\/knoll-balers.com\/fr\/wp-json\/wp\/v2\/types\/page"}],"author":[{"embeddable":true,"href":"https:\/\/knoll-balers.com\/fr\/wp-json\/wp\/v2\/users\/5"}],"replies":[{"embeddable":true,"href":"https:\/\/knoll-balers.com\/fr\/wp-json\/wp\/v2\/comments?post=9336"}],"version-history":[{"count":3,"href":"https:\/\/knoll-balers.com\/fr\/wp-json\/wp\/v2\/pages\/9336\/revisions"}],"predecessor-version":[{"id":9339,"href":"https:\/\/knoll-balers.com\/fr\/wp-json\/wp\/v2\/pages\/9336\/revisions\/9339"}],"wp:attachment":[{"href":"https:\/\/knoll-balers.com\/fr\/wp-json\/wp\/v2\/media?parent=9336"}],"curies":[{"name":"wp","href":"https:\/\/api.w.org\/{rel}","templated":true}]}}